{"id":7046,"date":"2025-07-10T09:25:25","date_gmt":"2025-07-10T09:25:25","guid":{"rendered":"https:\/\/cmaspain.es\/?page_id=7046"},"modified":"2025-07-10T09:25:29","modified_gmt":"2025-07-10T09:25:29","slug":"madrid","status":"publish","type":"page","link":"https:\/\/cmaspain.es\/index.php\/madrid\/","title":{"rendered":"Madrid"},"content":{"rendered":"\t\t<div data-elementor-type=\"wp-post\" data-elementor-id=\"7046\" class=\"elementor elementor-7046\" data-elementor-post-type=\"page\">\n\t\t\t\t\t\t<section class=\"elementor-section elementor-top-section elementor-element elementor-element-77745d1 elementor-section-boxed elementor-section-height-default elementor-section-height-default\" data-id=\"77745d1\" data-element_type=\"section\" data-e-type=\"section\">\n\t\t\t\t\t\t<div class=\"elementor-container elementor-column-gap-default\">\n\t\t\t\t\t<div class=\"elementor-column elementor-col-100 elementor-top-column elementor-element elementor-element-6a90ae3\" data-id=\"6a90ae3\" data-element_type=\"column\" data-e-type=\"column\">\n\t\t\t<div class=\"elementor-widget-wrap elementor-element-populated\">\n\t\t\t\t\t\t<div class=\"elementor-element elementor-element-5c4f541 elementor-blockquote--skin-quotation elementor-blockquote--align-center elementor-widget elementor-widget-blockquote\" data-id=\"5c4f541\" data-element_type=\"widget\" data-e-type=\"widget\" data-widget_type=\"blockquote.default\">\n\t\t\t\t<div class=\"elementor-widget-container\">\n\t\t\t\t\t\t\t<blockquote class=\"elementor-blockquote\">\n\t\t\t<p class=\"elementor-blockquote__content\">\n\t\t\t\t\"Pues para esto fuisteis llamados; porque tambi\u00e9n Cristo padeci\u00f3 por nosotros, dej\u00e1ndonos ejemplo, para que sig\u00e1is sus pisadas.\"\t\t\t<\/p>\n\t\t\t\t\t\t\t<div class=\"e-q-footer\">\n\t\t\t\t\t\t\t\t\t\t\t<cite class=\"elementor-blockquote__author\">1 Pedro 2:21<\/cite>\n\t\t\t\t\t\t\t\t\t\t\t\t\t\t<\/div>\n\t\t\t\t\t<\/blockquote>\n\t\t\t\t\t\t<\/div>\n\t\t\t\t<\/div>\n\t\t\t\t\t<\/div>\n\t\t<\/div>\n\t\t\t\t\t<\/div>\n\t\t<\/section>\n\t\t\t\t<section class=\"elementor-section elementor-top-section elementor-element elementor-element-06cd7d6 elementor-section-boxed elementor-section-height-default elementor-section-height-default\" data-id=\"06cd7d6\" data-element_type=\"section\" data-e-type=\"section\">\n\t\t\t\t\t\t<div class=\"elementor-container elementor-column-gap-default\">\n\t\t\t\t\t<div class=\"elementor-column elementor-col-100 elementor-top-column elementor-element elementor-element-c50d8c3\" data-id=\"c50d8c3\" data-element_type=\"column\" data-e-type=\"column\">\n\t\t\t<div class=\"elementor-widget-wrap elementor-element-populated\">\n\t\t\t\t\t\t<div class=\"elementor-element elementor-element-91433f4 elementor-widget elementor-widget-gallery\" data-id=\"91433f4\" data-element_type=\"widget\" data-e-type=\"widget\" data-settings=\"{&quot;lazyload&quot;:&quot;yes&quot;,&quot;gallery_layout&quot;:&quot;grid&quot;,&quot;columns&quot;:4,&quot;columns_tablet&quot;:2,&quot;columns_mobile&quot;:1,&quot;gap&quot;:{&quot;unit&quot;:&quot;px&quot;,&quot;size&quot;:10,&quot;sizes&quot;:[]},&quot;gap_tablet&quot;:{&quot;unit&quot;:&quot;px&quot;,&quot;size&quot;:10,&quot;sizes&quot;:[]},&quot;gap_mobile&quot;:{&quot;unit&quot;:&quot;px&quot;,&quot;size&quot;:10,&quot;sizes&quot;:[]},&quot;link_to&quot;:&quot;file&quot;,&quot;aspect_ratio&quot;:&quot;3:2&quot;,&quot;overlay_background&quot;:&quot;yes&quot;,&quot;content_hover_animation&quot;:&quot;fade-in&quot;}\" data-widget_type=\"gallery.default\">\n\t\t\t\t<div class=\"elementor-widget-container\">\n\t\t\t\t\t\t\t<div class=\"elementor-gallery__container\">\n\t\t\t\t\t\t\t<a class=\"e-gallery-item elementor-gallery-item elementor-animated-content\" href=\"https:\/\/cmaspain.es\/wp-content\/uploads\/2025\/07\/106992926_136743111377454_3009997748256436903_n.jpg\" data-elementor-open-lightbox=\"yes\" data-elementor-lightbox-slideshow=\"91433f4\" data-elementor-lightbox-title=\"Madrid\" data-e-action-hash=\"#elementor-action%3Aaction%3Dlightbox%26settings%3DeyJpZCI6NzE1MiwidXJsIjoiaHR0cHM6XC9cL2NtYXNwYWluLmVzXC93cC1jb250ZW50XC91cGxvYWRzXC8yMDI1XC8wN1wvMTA2OTkyOTI2XzEzNjc0MzExMTM3NzQ1NF8zMDA5OTk3NzQ4MjU2NDM2OTAzX24uanBnIiwic2xpZGVzaG93IjoiOTE0MzNmNCJ9\">\n\t\t\t\t\t<div class=\"e-gallery-image elementor-gallery-item__image\" data-thumbnail=\"https:\/\/cmaspain.es\/wp-content\/uploads\/2025\/07\/106992926_136743111377454_3009997748256436903_n-300x225.jpg\" data-width=\"300\" data-height=\"225\" aria-label=\"\" role=\"img\" ><\/div>\n\t\t\t\t\t\t\t\t\t\t\t<div class=\"elementor-gallery-item__overlay\"><\/div>\n\t\t\t\t\t\t\t\t\t\t\t\t\t\t<\/a>\n\t\t\t\t\t\t\t<a class=\"e-gallery-item elementor-gallery-item elementor-animated-content\" href=\"https:\/\/cmaspain.es\/wp-content\/uploads\/2025\/07\/118519402_156981919353573_2235151158564987633_n.jpg\" data-elementor-open-lightbox=\"yes\" data-elementor-lightbox-slideshow=\"91433f4\" data-elementor-lightbox-title=\"Madrid\" data-e-action-hash=\"#elementor-action%3Aaction%3Dlightbox%26settings%3DeyJpZCI6NzE1MywidXJsIjoiaHR0cHM6XC9cL2NtYXNwYWluLmVzXC93cC1jb250ZW50XC91cGxvYWRzXC8yMDI1XC8wN1wvMTE4NTE5NDAyXzE1Njk4MTkxOTM1MzU3M18yMjM1MTUxMTU4NTY0OTg3NjMzX24uanBnIiwic2xpZGVzaG93IjoiOTE0MzNmNCJ9\">\n\t\t\t\t\t<div class=\"e-gallery-image elementor-gallery-item__image\" data-thumbnail=\"https:\/\/cmaspain.es\/wp-content\/uploads\/2025\/07\/118519402_156981919353573_2235151158564987633_n-300x187.jpg\" data-width=\"300\" data-height=\"187\" aria-label=\"\" role=\"img\" ><\/div>\n\t\t\t\t\t\t\t\t\t\t\t<div class=\"elementor-gallery-item__overlay\"><\/div>\n\t\t\t\t\t\t\t\t\t\t\t\t\t\t<\/a>\n\t\t\t\t\t\t\t<a class=\"e-gallery-item elementor-gallery-item elementor-animated-content\" href=\"https:\/\/cmaspain.es\/wp-content\/uploads\/2025\/07\/119232358_161448368906928_4536723397676877485_n.jpg\" data-elementor-open-lightbox=\"yes\" data-elementor-lightbox-slideshow=\"91433f4\" data-elementor-lightbox-title=\"Madrid\" data-e-action-hash=\"#elementor-action%3Aaction%3Dlightbox%26settings%3DeyJpZCI6NzE1NCwidXJsIjoiaHR0cHM6XC9cL2NtYXNwYWluLmVzXC93cC1jb250ZW50XC91cGxvYWRzXC8yMDI1XC8wN1wvMTE5MjMyMzU4XzE2MTQ0ODM2ODkwNjkyOF80NTM2NzIzMzk3Njc2ODc3NDg1X24uanBnIiwic2xpZGVzaG93IjoiOTE0MzNmNCJ9\">\n\t\t\t\t\t<div class=\"e-gallery-image elementor-gallery-item__image\" data-thumbnail=\"https:\/\/cmaspain.es\/wp-content\/uploads\/2025\/07\/119232358_161448368906928_4536723397676877485_n-300x225.jpg\" data-width=\"300\" data-height=\"225\" aria-label=\"\" role=\"img\" ><\/div>\n\t\t\t\t\t\t\t\t\t\t\t<div class=\"elementor-gallery-item__overlay\"><\/div>\n\t\t\t\t\t\t\t\t\t\t\t\t\t\t<\/a>\n\t\t\t\t\t\t\t<a class=\"e-gallery-item elementor-gallery-item elementor-animated-content\" href=\"https:\/\/cmaspain.es\/wp-content\/uploads\/2025\/07\/245070429_400006348384461_4207696410763058044_n.jpg\" data-elementor-open-lightbox=\"yes\" data-elementor-lightbox-slideshow=\"91433f4\" data-elementor-lightbox-title=\"Madrid\" data-e-action-hash=\"#elementor-action%3Aaction%3Dlightbox%26settings%3DeyJpZCI6NzE1NSwidXJsIjoiaHR0cHM6XC9cL2NtYXNwYWluLmVzXC93cC1jb250ZW50XC91cGxvYWRzXC8yMDI1XC8wN1wvMjQ1MDcwNDI5XzQwMDAwNjM0ODM4NDQ2MV80MjA3Njk2NDEwNzYzMDU4MDQ0X24uanBnIiwic2xpZGVzaG93IjoiOTE0MzNmNCJ9\">\n\t\t\t\t\t<div class=\"e-gallery-image elementor-gallery-item__image\" data-thumbnail=\"https:\/\/cmaspain.es\/wp-content\/uploads\/2025\/07\/245070429_400006348384461_4207696410763058044_n-300x225.jpg\" data-width=\"300\" data-height=\"225\" aria-label=\"\" role=\"img\" ><\/div>\n\t\t\t\t\t\t\t\t\t\t\t<div class=\"elementor-gallery-item__overlay\"><\/div>\n\t\t\t\t\t\t\t\t\t\t\t\t\t\t<\/a>\n\t\t\t\t\t\t\t<a class=\"e-gallery-item elementor-gallery-item elementor-animated-content\" href=\"https:\/\/cmaspain.es\/wp-content\/uploads\/2025\/07\/484920257_675421251715590_1343885080442816274_n.jpg\" data-elementor-open-lightbox=\"yes\" data-elementor-lightbox-slideshow=\"91433f4\" data-elementor-lightbox-title=\"Madrid\" data-e-action-hash=\"#elementor-action%3Aaction%3Dlightbox%26settings%3DeyJpZCI6NzE1NiwidXJsIjoiaHR0cHM6XC9cL2NtYXNwYWluLmVzXC93cC1jb250ZW50XC91cGxvYWRzXC8yMDI1XC8wN1wvNDg0OTIwMjU3XzY3NTQyMTI1MTcxNTU5MF8xMzQzODg1MDgwNDQyODE2Mjc0X24uanBnIiwic2xpZGVzaG93IjoiOTE0MzNmNCJ9\">\n\t\t\t\t\t<div class=\"e-gallery-image elementor-gallery-item__image\" data-thumbnail=\"https:\/\/cmaspain.es\/wp-content\/uploads\/2025\/07\/484920257_675421251715590_1343885080442816274_n-225x300.jpg\" data-width=\"225\" data-height=\"300\" aria-label=\"\" role=\"img\" ><\/div>\n\t\t\t\t\t\t\t\t\t\t\t<div class=\"elementor-gallery-item__overlay\"><\/div>\n\t\t\t\t\t\t\t\t\t\t\t\t\t\t<\/a>\n\t\t\t\t\t\t\t<a class=\"e-gallery-item elementor-gallery-item elementor-animated-content\" href=\"https:\/\/cmaspain.es\/wp-content\/uploads\/2025\/07\/487401244_690586096865772_1142847004432732501_n.jpg\" data-elementor-open-lightbox=\"yes\" data-elementor-lightbox-slideshow=\"91433f4\" data-elementor-lightbox-title=\"Madrid\" data-e-action-hash=\"#elementor-action%3Aaction%3Dlightbox%26settings%3DeyJpZCI6NzE1NywidXJsIjoiaHR0cHM6XC9cL2NtYXNwYWluLmVzXC93cC1jb250ZW50XC91cGxvYWRzXC8yMDI1XC8wN1wvNDg3NDAxMjQ0XzY5MDU4NjA5Njg2NTc3Ml8xMTQyODQ3MDA0NDMyNzMyNTAxX24uanBnIiwic2xpZGVzaG93IjoiOTE0MzNmNCJ9\">\n\t\t\t\t\t<div class=\"e-gallery-image elementor-gallery-item__image\" data-thumbnail=\"https:\/\/cmaspain.es\/wp-content\/uploads\/2025\/07\/487401244_690586096865772_1142847004432732501_n-300x225.jpg\" data-width=\"300\" data-height=\"225\" aria-label=\"\" role=\"img\" ><\/div>\n\t\t\t\t\t\t\t\t\t\t\t<div class=\"elementor-gallery-item__overlay\"><\/div>\n\t\t\t\t\t\t\t\t\t\t\t\t\t\t<\/a>\n\t\t\t\t\t\t\t<a class=\"e-gallery-item elementor-gallery-item elementor-animated-content\" href=\"https:\/\/cmaspain.es\/wp-content\/uploads\/2025\/07\/492740550_707120168545698_4179537798810527819_n.jpg\" data-elementor-open-lightbox=\"yes\" data-elementor-lightbox-slideshow=\"91433f4\" data-elementor-lightbox-title=\"Madrid\" data-e-action-hash=\"#elementor-action%3Aaction%3Dlightbox%26settings%3DeyJpZCI6NzE1OCwidXJsIjoiaHR0cHM6XC9cL2NtYXNwYWluLmVzXC93cC1jb250ZW50XC91cGxvYWRzXC8yMDI1XC8wN1wvNDkyNzQwNTUwXzcwNzEyMDE2ODU0NTY5OF80MTc5NTM3Nzk4ODEwNTI3ODE5X24uanBnIiwic2xpZGVzaG93IjoiOTE0MzNmNCJ9\">\n\t\t\t\t\t<div class=\"e-gallery-image elementor-gallery-item__image\" data-thumbnail=\"https:\/\/cmaspain.es\/wp-content\/uploads\/2025\/07\/492740550_707120168545698_4179537798810527819_n-300x225.jpg\" data-width=\"300\" data-height=\"225\" aria-label=\"\" role=\"img\" ><\/div>\n\t\t\t\t\t\t\t\t\t\t\t<div class=\"elementor-gallery-item__overlay\"><\/div>\n\t\t\t\t\t\t\t\t\t\t\t\t\t\t<\/a>\n\t\t\t\t\t\t\t<a class=\"e-gallery-item elementor-gallery-item elementor-animated-content\" href=\"https:\/\/cmaspain.es\/wp-content\/uploads\/2025\/07\/495156667_739436861980695_1144397350905487593_n.jpg\" data-elementor-open-lightbox=\"yes\" data-elementor-lightbox-slideshow=\"91433f4\" data-elementor-lightbox-title=\"Madrid\" data-e-action-hash=\"#elementor-action%3Aaction%3Dlightbox%26settings%3DeyJpZCI6NzE1OSwidXJsIjoiaHR0cHM6XC9cL2NtYXNwYWluLmVzXC93cC1jb250ZW50XC91cGxvYWRzXC8yMDI1XC8wN1wvNDk1MTU2NjY3XzczOTQzNjg2MTk4MDY5NV8xMTQ0Mzk3MzUwOTA1NDg3NTkzX24uanBnIiwic2xpZGVzaG93IjoiOTE0MzNmNCJ9\">\n\t\t\t\t\t<div class=\"e-gallery-image elementor-gallery-item__image\" data-thumbnail=\"https:\/\/cmaspain.es\/wp-content\/uploads\/2025\/07\/495156667_739436861980695_1144397350905487593_n-300x225.jpg\" data-width=\"300\" data-height=\"225\" aria-label=\"\" role=\"img\" ><\/div>\n\t\t\t\t\t\t\t\t\t\t\t<div class=\"elementor-gallery-item__overlay\"><\/div>\n\t\t\t\t\t\t\t\t\t\t\t\t\t\t<\/a>\n\t\t\t\t\t\t\t<a class=\"e-gallery-item elementor-gallery-item elementor-animated-content\" href=\"https:\/\/cmaspain.es\/wp-content\/uploads\/2025\/07\/495283241_717834164140965_8950178310321092312_n.jpg\" data-elementor-open-lightbox=\"yes\" data-elementor-lightbox-slideshow=\"91433f4\" data-elementor-lightbox-title=\"Madrid\" data-e-action-hash=\"#elementor-action%3Aaction%3Dlightbox%26settings%3DeyJpZCI6NzE2MCwidXJsIjoiaHR0cHM6XC9cL2NtYXNwYWluLmVzXC93cC1jb250ZW50XC91cGxvYWRzXC8yMDI1XC8wN1wvNDk1MjgzMjQxXzcxNzgzNDE2NDE0MDk2NV84OTUwMTc4MzEwMzIxMDkyMzEyX24uanBnIiwic2xpZGVzaG93IjoiOTE0MzNmNCJ9\">\n\t\t\t\t\t<div class=\"e-gallery-image elementor-gallery-item__image\" data-thumbnail=\"https:\/\/cmaspain.es\/wp-content\/uploads\/2025\/07\/495283241_717834164140965_8950178310321092312_n-300x225.jpg\" data-width=\"300\" data-height=\"225\" aria-label=\"\" role=\"img\" ><\/div>\n\t\t\t\t\t\t\t\t\t\t\t<div class=\"elementor-gallery-item__overlay\"><\/div>\n\t\t\t\t\t\t\t\t\t\t\t\t\t\t<\/a>\n\t\t\t\t\t\t\t<a class=\"e-gallery-item elementor-gallery-item elementor-animated-content\" href=\"https:\/\/cmaspain.es\/wp-content\/uploads\/2025\/07\/497756248_728103896447325_6034806302361493007_n.jpg\" data-elementor-open-lightbox=\"yes\" data-elementor-lightbox-slideshow=\"91433f4\" data-elementor-lightbox-title=\"Madrid\" data-e-action-hash=\"#elementor-action%3Aaction%3Dlightbox%26settings%3DeyJpZCI6NzE2MSwidXJsIjoiaHR0cHM6XC9cL2NtYXNwYWluLmVzXC93cC1jb250ZW50XC91cGxvYWRzXC8yMDI1XC8wN1wvNDk3NzU2MjQ4XzcyODEwMzg5NjQ0NzMyNV82MDM0ODA2MzAyMzYxNDkzMDA3X24uanBnIiwic2xpZGVzaG93IjoiOTE0MzNmNCJ9\">\n\t\t\t\t\t<div class=\"e-gallery-image elementor-gallery-item__image\" data-thumbnail=\"https:\/\/cmaspain.es\/wp-content\/uploads\/2025\/07\/497756248_728103896447325_6034806302361493007_n-300x225.jpg\" data-width=\"300\" data-height=\"225\" aria-label=\"\" role=\"img\" ><\/div>\n\t\t\t\t\t\t\t\t\t\t\t<div class=\"elementor-gallery-item__overlay\"><\/div>\n\t\t\t\t\t\t\t\t\t\t\t\t\t\t<\/a>\n\t\t\t\t\t\t\t<a class=\"e-gallery-item elementor-gallery-item elementor-animated-content\" href=\"https:\/\/cmaspain.es\/wp-content\/uploads\/2025\/07\/500772200_750100790914302_8945045846045524565_n.jpg\" data-elementor-open-lightbox=\"yes\" data-elementor-lightbox-slideshow=\"91433f4\" data-elementor-lightbox-title=\"Madrid\" data-e-action-hash=\"#elementor-action%3Aaction%3Dlightbox%26settings%3DeyJpZCI6NzE2MiwidXJsIjoiaHR0cHM6XC9cL2NtYXNwYWluLmVzXC93cC1jb250ZW50XC91cGxvYWRzXC8yMDI1XC8wN1wvNTAwNzcyMjAwXzc1MDEwMDc5MDkxNDMwMl84OTQ1MDQ1ODQ2MDQ1NTI0NTY1X24uanBnIiwic2xpZGVzaG93IjoiOTE0MzNmNCJ9\">\n\t\t\t\t\t<div class=\"e-gallery-image elementor-gallery-item__image\" data-thumbnail=\"https:\/\/cmaspain.es\/wp-content\/uploads\/2025\/07\/500772200_750100790914302_8945045846045524565_n-300x225.jpg\" data-width=\"300\" data-height=\"225\" aria-label=\"\" role=\"img\" ><\/div>\n\t\t\t\t\t\t\t\t\t\t\t<div class=\"elementor-gallery-item__overlay\"><\/div>\n\t\t\t\t\t\t\t\t\t\t\t\t\t\t<\/a>\n\t\t\t\t\t\t\t<a class=\"e-gallery-item elementor-gallery-item elementor-animated-content\" href=\"https:\/\/cmaspain.es\/wp-content\/uploads\/2025\/07\/505229124_24556953607240573_229961501059586076_n.jpg\" data-elementor-open-lightbox=\"yes\" data-elementor-lightbox-slideshow=\"91433f4\" data-elementor-lightbox-title=\"Madrid\" data-e-action-hash=\"#elementor-action%3Aaction%3Dlightbox%26settings%3DeyJpZCI6NzE2MywidXJsIjoiaHR0cHM6XC9cL2NtYXNwYWluLmVzXC93cC1jb250ZW50XC91cGxvYWRzXC8yMDI1XC8wN1wvNTA1MjI5MTI0XzI0NTU2OTUzNjA3MjQwNTczXzIyOTk2MTUwMTA1OTU4NjA3Nl9uLmpwZyIsInNsaWRlc2hvdyI6IjkxNDMzZjQifQ%3D%3D\">\n\t\t\t\t\t<div class=\"e-gallery-image elementor-gallery-item__image\" data-thumbnail=\"https:\/\/cmaspain.es\/wp-content\/uploads\/2025\/07\/505229124_24556953607240573_229961501059586076_n-300x225.jpg\" data-width=\"300\" data-height=\"225\" aria-label=\"\" role=\"img\" ><\/div>\n\t\t\t\t\t\t\t\t\t\t\t<div class=\"elementor-gallery-item__overlay\"><\/div>\n\t\t\t\t\t\t\t\t\t\t\t\t\t\t<\/a>\n\t\t\t\t\t\t\t<a class=\"e-gallery-item elementor-gallery-item elementor-animated-content\" href=\"https:\/\/cmaspain.es\/wp-content\/uploads\/2025\/07\/506748251_750101297580918_6308173110492493091_n.jpg\" data-elementor-open-lightbox=\"yes\" data-elementor-lightbox-slideshow=\"91433f4\" data-elementor-lightbox-title=\"Madrid\" data-e-action-hash=\"#elementor-action%3Aaction%3Dlightbox%26settings%3DeyJpZCI6NzE2NCwidXJsIjoiaHR0cHM6XC9cL2NtYXNwYWluLmVzXC93cC1jb250ZW50XC91cGxvYWRzXC8yMDI1XC8wN1wvNTA2NzQ4MjUxXzc1MDEwMTI5NzU4MDkxOF82MzA4MTczMTEwNDkyNDkzMDkxX24uanBnIiwic2xpZGVzaG93IjoiOTE0MzNmNCJ9\">\n\t\t\t\t\t<div class=\"e-gallery-image elementor-gallery-item__image\" data-thumbnail=\"https:\/\/cmaspain.es\/wp-content\/uploads\/2025\/07\/506748251_750101297580918_6308173110492493091_n-300x300.jpg\" data-width=\"300\" data-height=\"300\" aria-label=\"\" role=\"img\" ><\/div>\n\t\t\t\t\t\t\t\t\t\t\t<div class=\"elementor-gallery-item__overlay\"><\/div>\n\t\t\t\t\t\t\t\t\t\t\t\t\t\t<\/a>\n\t\t\t\t\t\t\t<a class=\"e-gallery-item elementor-gallery-item elementor-animated-content\" href=\"https:\/\/cmaspain.es\/wp-content\/uploads\/2025\/07\/515019298_760981009826280_6024232394201967662_n.jpg\" data-elementor-open-lightbox=\"yes\" data-elementor-lightbox-slideshow=\"91433f4\" data-elementor-lightbox-title=\"Madrid\" data-e-action-hash=\"#elementor-action%3Aaction%3Dlightbox%26settings%3DeyJpZCI6NzE2NSwidXJsIjoiaHR0cHM6XC9cL2NtYXNwYWluLmVzXC93cC1jb250ZW50XC91cGxvYWRzXC8yMDI1XC8wN1wvNTE1MDE5Mjk4Xzc2MDk4MTAwOTgyNjI4MF82MDI0MjMyMzk0MjAxOTY3NjYyX24uanBnIiwic2xpZGVzaG93IjoiOTE0MzNmNCJ9\">\n\t\t\t\t\t<div class=\"e-gallery-image elementor-gallery-item__image\" data-thumbnail=\"https:\/\/cmaspain.es\/wp-content\/uploads\/2025\/07\/515019298_760981009826280_6024232394201967662_n-300x224.jpg\" data-width=\"300\" data-height=\"224\" aria-label=\"\" role=\"img\" ><\/div>\n\t\t\t\t\t\t\t\t\t\t\t<div class=\"elementor-gallery-item__overlay\"><\/div>\n\t\t\t\t\t\t\t\t\t\t\t\t\t\t<\/a>\n\t\t\t\t\t\t\t<a class=\"e-gallery-item elementor-gallery-item elementor-animated-content\" href=\"https:\/\/cmaspain.es\/wp-content\/uploads\/2025\/07\/1660118346529.jpg\" data-elementor-open-lightbox=\"yes\" data-elementor-lightbox-slideshow=\"91433f4\" data-elementor-lightbox-title=\"Madrid\" data-e-action-hash=\"#elementor-action%3Aaction%3Dlightbox%26settings%3DeyJpZCI6NzE2NiwidXJsIjoiaHR0cHM6XC9cL2NtYXNwYWluLmVzXC93cC1jb250ZW50XC91cGxvYWRzXC8yMDI1XC8wN1wvMTY2MDExODM0NjUyOS5qcGciLCJzbGlkZXNob3ciOiI5MTQzM2Y0In0%3D\">\n\t\t\t\t\t<div class=\"e-gallery-image elementor-gallery-item__image\" data-thumbnail=\"https:\/\/cmaspain.es\/wp-content\/uploads\/2025\/07\/1660118346529-300x225.jpg\" data-width=\"300\" data-height=\"225\" aria-label=\"\" role=\"img\" ><\/div>\n\t\t\t\t\t\t\t\t\t\t\t<div class=\"elementor-gallery-item__overlay\"><\/div>\n\t\t\t\t\t\t\t\t\t\t\t\t\t\t<\/a>\n\t\t\t\t\t\t\t<a class=\"e-gallery-item elementor-gallery-item elementor-animated-content\" href=\"https:\/\/cmaspain.es\/wp-content\/uploads\/2025\/07\/Pablo2-1024x576-1.jpg\" data-elementor-open-lightbox=\"yes\" data-elementor-lightbox-slideshow=\"91433f4\" data-elementor-lightbox-title=\"Pablo2-1024x576\" data-e-action-hash=\"#elementor-action%3Aaction%3Dlightbox%26settings%3DeyJpZCI6NzE2NywidXJsIjoiaHR0cHM6XC9cL2NtYXNwYWluLmVzXC93cC1jb250ZW50XC91cGxvYWRzXC8yMDI1XC8wN1wvUGFibG8yLTEwMjR4NTc2LTEuanBnIiwic2xpZGVzaG93IjoiOTE0MzNmNCJ9\">\n\t\t\t\t\t<div class=\"e-gallery-image elementor-gallery-item__image\" data-thumbnail=\"https:\/\/cmaspain.es\/wp-content\/uploads\/2025\/07\/Pablo2-1024x576-1-300x169.jpg\" data-width=\"300\" data-height=\"169\" aria-label=\"\" role=\"img\" ><\/div>\n\t\t\t\t\t\t\t\t\t\t\t<div class=\"elementor-gallery-item__overlay\"><\/div>\n\t\t\t\t\t\t\t\t\t\t\t\t\t\t<\/a>\n\t\t\t\t\t<\/div>\n\t\t\t\t\t<\/div>\n\t\t\t\t<\/div>\n\t\t\t\t\t<\/div>\n\t\t<\/div>\n\t\t\t\t\t<\/div>\n\t\t<\/section>\n\t\t\t\t<\/div>\n\t\t","protected":false},"excerpt":{"rendered":"<p>\u00abPues para esto fuisteis llamados; porque tambi\u00e9n Cristo padeci\u00f3 por nosotros, dej\u00e1ndonos ejemplo, para que sig\u00e1is sus pisadas.\u00bb 1 Pedro 2:21<\/p>\n","protected":false},"author":1,"featured_media":0,"parent":0,"menu_order":0,"comment_status":"closed","ping_status":"closed","template":"page-elementor.php","meta":{"footnotes":""},"class_list":["post-7046","page","type-page","status-publish","hentry"],"_links":{"self":[{"href":"https:\/\/cmaspain.es\/index.php\/wp-json\/wp\/v2\/pages\/7046","targetHints":{"allow":["GET"]}}],"collection":[{"href":"https:\/\/cmaspain.es\/index.php\/wp-json\/wp\/v2\/pages"}],"about":[{"href":"https:\/\/cmaspain.es\/index.php\/wp-json\/wp\/v2\/types\/page"}],"author":[{"embeddable":true,"href":"https:\/\/cmaspain.es\/index.php\/wp-json\/wp\/v2\/users\/1"}],"replies":[{"embeddable":true,"href":"https:\/\/cmaspain.es\/index.php\/wp-json\/wp\/v2\/comments?post=7046"}],"version-history":[{"count":4,"href":"https:\/\/cmaspain.es\/index.php\/wp-json\/wp\/v2\/pages\/7046\/revisions"}],"predecessor-version":[{"id":7170,"href":"https:\/\/cmaspain.es\/index.php\/wp-json\/wp\/v2\/pages\/7046\/revisions\/7170"}],"wp:attachment":[{"href":"https:\/\/cmaspain.es\/index.php\/wp-json\/wp\/v2\/media?parent=7046"}],"curies":[{"name":"wp","href":"https:\/\/api.w.org\/{rel}","templated":true}]}}