{"id":7299,"date":"2025-07-21T14:40:20","date_gmt":"2025-07-21T14:40:20","guid":{"rendered":"https:\/\/cmaspain.es\/?page_id=7299"},"modified":"2025-07-22T06:47:50","modified_gmt":"2025-07-22T06:47:50","slug":"ismael","status":"publish","type":"page","link":"https:\/\/cmaspain.es\/index.php\/ismael\/","title":{"rendered":"Ismael Palomares"},"content":{"rendered":"\t\t<div data-elementor-type=\"wp-post\" data-elementor-id=\"7299\" class=\"elementor elementor-7299\" data-elementor-post-type=\"page\">\n\t\t\t\t\t\t<section class=\"elementor-section elementor-top-section elementor-element elementor-element-7096fff elementor-section-boxed elementor-section-height-default elementor-section-height-default\" data-id=\"7096fff\" data-element_type=\"section\" data-e-type=\"section\">\n\t\t\t\t\t\t<div class=\"elementor-container elementor-column-gap-no\">\n\t\t\t\t\t<div class=\"elementor-column elementor-col-50 elementor-top-column elementor-element elementor-element-5303ac7\" data-id=\"5303ac7\" data-element_type=\"column\" data-e-type=\"column\">\n\t\t\t<div class=\"elementor-widget-wrap elementor-element-populated\">\n\t\t\t\t\t\t<div class=\"elementor-element elementor-element-cf5c73c animated-fast elementor-invisible elementor-widget elementor-widget-text-editor\" data-id=\"cf5c73c\" data-element_type=\"widget\" data-e-type=\"widget\" data-settings=\"{&quot;_animation&quot;:&quot;opal-move-up&quot;}\" data-widget_type=\"text-editor.default\">\n\t\t\t\t<div class=\"elementor-widget-container\">\n\t\t\t\t\t        <div class=\"elementor-text-editor elementor-clearfix\"><p>Nac\u00ed en una familia creyente en Dios. Decir eso en Espa\u00f1a puede parecer normal, pero nacer en 1973 en el entorno de una familia evang\u00e9lica en Espa\u00f1a no era f\u00e1cil.\u00a0<\/p><p>Mi padre era pastor evang\u00e9lico y mi madre ten\u00eda tambi\u00e9n responsabilidades y ministerio con las mujeres en la iglesia. Recuerdo que al entrar la democracia mi padre luchaba por defender nuestros derechos de libertad religiosa, que en esa \u00e9poca a\u00fan en Espa\u00f1a era dif\u00edcil de aplicar. Desde peque\u00f1o ve\u00eda que la religi\u00f3n y creencias que mis padres practicaban era lo mejor, lo m\u00e1s sensato y correcto, como cualquier ni\u00f1o, admiraba a mis padres y confiaba en lo que ellos me ense\u00f1aban. Desde muy peque\u00f1o, mi abuela materna nos ense\u00f1\u00f3 a orar al Se\u00f1or a mi hermana peque\u00f1a y a m\u00ed, con lo que la oraci\u00f3n era algo que me acompa\u00f1\u00f3 en mi vida desde muy temprano. Yo consideraba la oraci\u00f3n como un \u201csuperpoder\u201d que otros ni\u00f1os no ten\u00edan y yo me sent\u00eda especial por ello.<\/p><p>Mis padres me llevaban a la iglesia, donde en la escuela dominical me ense\u00f1aban las historias b\u00edblicas y comenc\u00e9 a aprender acerca de Jes\u00fas y del sacrificio que tuvo que hacer para salvar la humanidad. Mi vida transcurr\u00eda como un ni\u00f1o diferente a los dem\u00e1s en cuanto a la religi\u00f3n, pero tranquila durante los primeros a\u00f1os. En aquella \u00e9poca los ni\u00f1os \u00edbamos solos a la escuela, quiz\u00e1 no hab\u00eda tanto peligro y temor por parte de los padres como lo hay ahora, y las clases eran por la ma\u00f1ana y por la tarde.\u00a0<\/p><\/div>\n        \t\t\t\t<\/div>\n\t\t\t\t<\/div>\n\t\t\t\t<div class=\"elementor-element elementor-element-2148f5c img-animated elementor-widget elementor-widget-image\" data-id=\"2148f5c\" data-element_type=\"widget\" data-e-type=\"widget\" data-widget_type=\"image.default\">\n\t\t\t\t<div class=\"elementor-widget-container\">\n\t\t\t\t\t        <div class=\"elementor-image\">\n                                                <img fetchpriority=\"high\" decoding=\"async\" width=\"600\" height=\"390\" src=\"https:\/\/cmaspain.es\/wp-content\/uploads\/2025\/07\/299-600x390.jpg\" class=\"attachment-lexrider-featured-image-large size-lexrider-featured-image-large wp-image-7139\" alt=\"\" \/>                                                            <\/div>\n        \t\t\t\t<\/div>\n\t\t\t\t<\/div>\n\t\t\t\t<div class=\"elementor-element elementor-element-690f983 img-animated elementor-widget elementor-widget-image\" data-id=\"690f983\" data-element_type=\"widget\" data-e-type=\"widget\" data-widget_type=\"image.default\">\n\t\t\t\t<div class=\"elementor-widget-container\">\n\t\t\t\t\t        <div class=\"elementor-image\">\n                                                <img decoding=\"async\" width=\"600\" height=\"390\" src=\"https:\/\/cmaspain.es\/wp-content\/uploads\/2025\/07\/IMG-20250720-WA0003-600x390.jpg\" class=\"attachment-lexrider-featured-image-large size-lexrider-featured-image-large wp-image-7314\" alt=\"\" \/>                                                            <\/div>\n        \t\t\t\t<\/div>\n\t\t\t\t<\/div>\n\t\t\t\t\t<\/div>\n\t\t<\/div>\n\t\t\t\t<div class=\"elementor-column elementor-col-50 elementor-top-column elementor-element elementor-element-82a9ab1 c-primary\" data-id=\"82a9ab1\" data-element_type=\"column\" data-e-type=\"column\">\n\t\t\t<div class=\"elementor-widget-wrap elementor-element-populated\">\n\t\t\t\t\t\t<div class=\"elementor-element elementor-element-bc9dd8a img-animated elementor-widget elementor-widget-image\" data-id=\"bc9dd8a\" data-element_type=\"widget\" data-e-type=\"widget\" data-widget_type=\"image.default\">\n\t\t\t\t<div class=\"elementor-widget-container\">\n\t\t\t\t\t        <div class=\"elementor-image\">\n                                                <img decoding=\"async\" width=\"1600\" height=\"1200\" src=\"https:\/\/cmaspain.es\/wp-content\/uploads\/2025\/07\/Imagen-de-WhatsApp-2025-06-27-a-las-18.57.59_5ba583e7.jpg\" class=\"attachment-full size-full wp-image-7220\" alt=\"\" srcset=\"https:\/\/cmaspain.es\/wp-content\/uploads\/2025\/07\/Imagen-de-WhatsApp-2025-06-27-a-las-18.57.59_5ba583e7.jpg 1600w, https:\/\/cmaspain.es\/wp-content\/uploads\/2025\/07\/Imagen-de-WhatsApp-2025-06-27-a-las-18.57.59_5ba583e7-300x225.jpg 300w, https:\/\/cmaspain.es\/wp-content\/uploads\/2025\/07\/Imagen-de-WhatsApp-2025-06-27-a-las-18.57.59_5ba583e7-1024x768.jpg 1024w, https:\/\/cmaspain.es\/wp-content\/uploads\/2025\/07\/Imagen-de-WhatsApp-2025-06-27-a-las-18.57.59_5ba583e7-768x576.jpg 768w, https:\/\/cmaspain.es\/wp-content\/uploads\/2025\/07\/Imagen-de-WhatsApp-2025-06-27-a-las-18.57.59_5ba583e7-1536x1152.jpg 1536w, https:\/\/cmaspain.es\/wp-content\/uploads\/2025\/07\/Imagen-de-WhatsApp-2025-06-27-a-las-18.57.59_5ba583e7-400x300.jpg 400w, https:\/\/cmaspain.es\/wp-content\/uploads\/2025\/07\/Imagen-de-WhatsApp-2025-06-27-a-las-18.57.59_5ba583e7-600x450.jpg 600w\" sizes=\"(max-width: 1600px) 100vw, 1600px\" \/>                                                            <\/div>\n        \t\t\t\t<\/div>\n\t\t\t\t<\/div>\n\t\t\t\t<section class=\"elementor-section elementor-inner-section elementor-element elementor-element-d1bad9a elementor-section-boxed elementor-section-height-default elementor-section-height-default\" data-id=\"d1bad9a\" data-element_type=\"section\" data-e-type=\"section\">\n\t\t\t\t\t\t<div class=\"elementor-container elementor-column-gap-no\">\n\t\t\t\t\t<div class=\"elementor-column elementor-col-100 elementor-inner-column elementor-element elementor-element-fe58034\" data-id=\"fe58034\" data-element_type=\"column\" data-e-type=\"column\">\n\t\t\t<div class=\"elementor-widget-wrap elementor-element-populated\">\n\t\t\t\t\t\t<div class=\"elementor-element elementor-element-dea107e elementor-view-default elementor-widget elementor-widget-icon\" data-id=\"dea107e\" data-element_type=\"widget\" data-e-type=\"widget\" data-widget_type=\"icon.default\">\n\t\t\t\t<div class=\"elementor-widget-container\">\n\t\t\t\t\t\t\t<div class=\"elementor-icon-wrapper\">\n\t\t\t<div class=\"elementor-icon\">\n\t\t\t\t\t\t\t<i class=\"opal-icon-quote-left\" aria-hidden=\"true\"><\/i>\n\t\t\t\t\t\t<\/div>\n\t\t<\/div>\n\t\t\t\t\t\t<\/div>\n\t\t\t\t<\/div>\n\t\t\t\t<div class=\"elementor-element elementor-element-0ab85a5 elementor-widget elementor-widget-text-editor\" data-id=\"0ab85a5\" data-element_type=\"widget\" data-e-type=\"widget\" data-widget_type=\"text-editor.default\">\n\t\t\t\t<div class=\"elementor-widget-container\">\n\t\t\t\t\t        <div class=\"elementor-text-editor elementor-clearfix\"><p>Yo consideraba la oraci\u00f3n como un \u201csuperpoder\u201d que otros ni\u00f1os no ten\u00edan y yo me sent\u00eda especial por ello.<\/p><\/div>\n        \t\t\t\t<\/div>\n\t\t\t\t<\/div>\n\t\t\t\t\t<\/div>\n\t\t<\/div>\n\t\t\t\t\t<\/div>\n\t\t<\/section>\n\t\t\t\t<div class=\"elementor-element elementor-element-b043468 animated-fast elementor-invisible elementor-widget elementor-widget-text-editor\" data-id=\"b043468\" data-element_type=\"widget\" data-e-type=\"widget\" data-settings=\"{&quot;_animation&quot;:&quot;opal-move-up&quot;}\" data-widget_type=\"text-editor.default\">\n\t\t\t\t<div class=\"elementor-widget-container\">\n\t\t\t\t\t        <div class=\"elementor-text-editor elementor-clearfix\"><p>\u00a0<\/p><p>Un d\u00eda, cuando yo ten\u00eda unos 9 o 10 a\u00f1os, al regresar por la tarde a mi casa y llamar a la puerta no contestaba nadie, y no ten\u00eda llaves, ya que tampoco era costumbre de que los ni\u00f1os de esa edad tuvi\u00e9ramos llaves de casa, as\u00ed que insist\u00eda en llamar y no me abr\u00eda mi madre. En ese momento un temor asalt\u00f3 mi mente, algo que hab\u00eda escuchado predicar en la iglesia \u201cEl Se\u00f1or ha venido a recoger a Su Iglesia\u201d se hab\u00eda llevado a mi madre y yo me hab\u00eda quedado aqu\u00ed. Estuve as\u00ed bastante rato sin saber qu\u00e9 hacer cuando mi madre apareci\u00f3 por la esquina, hab\u00eda ido a comprar a la tienda. Este episodio se repiti\u00f3 en los siguientes a\u00f1os varias veces y siempre asaltaba el mismo pensamiento a mi mente \u201chab\u00eda venido el Se\u00f1or a recoger a Su Iglesia\u201d y yo me hab\u00eda quedado.\u00a0<\/p><p>Durante esos a\u00f1os hab\u00eda tenido la oportunidad de escuchar en la iglesia el testimonio impactante de personas que hab\u00edan vivido vidas muy complicadas y como emocionados contaban lo que Dios hab\u00eda hecho en sus vidas. Un domingo por la tarde, a la edad de 13 a\u00f1os, mi padre nos llevaba con \u00e9l a predicar a una iglesia evang\u00e9lica en el pueblo de Bail\u00e9n. Yo llevaba d\u00edas con una sensaci\u00f3n inquietante en mi coraz\u00f3n y nervioso, le pregunt\u00e9<br \/>a mis padres estando en el coche, que para ser salvo que hab\u00eda que hacer o sentir. Mis padres me dijeron que para ser salvo solo hab\u00eda que creer en el Se\u00f1or y pedirle en oraci\u00f3n perd\u00f3n por mis pecados y que me salve, Dios har\u00eda el resto.\u00a0<\/p><p>Yo no ten\u00eda grandes pecados que confesar, no era como esos creyentes que hab\u00edan experimentado grandes cambios en su vida, pero mis padres me dec\u00edan que todos tenemos que pedirle perd\u00f3n al Se\u00f1or, que aunque no hayamos hecho grandes pecados, uno solo ya nos condena y necesitamos su perd\u00f3n. En ese mismo momento or\u00e9 a Dios, le ped\u00ed perd\u00f3n por mis pecados y que me salvara. Tengo que decir que no llor\u00e9 en ese momento, aunque he llorado en muchas ocasiones en mi vida cristiana posterior, pero si cambi\u00f3 algo en mi interior, desapareci\u00f3 el miedo, el miedo a la muerte, el miedo a no saber qu\u00e9 pasar\u00e1 con mi vida y fui lleno de una paz de la que no era consciente hasta ese momento. Le dije a mi padre que era creyente y \u00e9l me dijo \u201cpues ahora tienes que decirlo\u201d.\u00a0<\/p><\/div>\n        \t\t\t\t<\/div>\n\t\t\t\t<\/div>\n\t\t\t\t\t<\/div>\n\t\t<\/div>\n\t\t\t\t\t<\/div>\n\t\t<\/section>\n\t\t\t\t<section class=\"elementor-section elementor-top-section elementor-element elementor-element-65c8bfe elementor-section-boxed elementor-section-height-default elementor-section-height-default\" data-id=\"65c8bfe\" data-element_type=\"section\" data-e-type=\"section\">\n\t\t\t\t\t\t<div class=\"elementor-container elementor-column-gap-no\">\n\t\t\t\t\t<div class=\"elementor-column elementor-col-50 elementor-top-column elementor-element elementor-element-bb5a329\" data-id=\"bb5a329\" data-element_type=\"column\" data-e-type=\"column\">\n\t\t\t<div class=\"elementor-widget-wrap elementor-element-populated\">\n\t\t\t\t\t\t<div class=\"elementor-element elementor-element-35cbcc4 animated-fast elementor-invisible elementor-widget elementor-widget-text-editor\" data-id=\"35cbcc4\" data-element_type=\"widget\" data-e-type=\"widget\" data-settings=\"{&quot;_animation&quot;:&quot;opal-move-up&quot;}\" data-widget_type=\"text-editor.default\">\n\t\t\t\t<div class=\"elementor-widget-container\">\n\t\t\t\t\t        <div class=\"elementor-text-editor elementor-clearfix\"><p>\u00a0<\/p><p>\u00a0<\/p><p>Romanos 10:9 dice \u201cque si confesares con tu boca que Jes\u00fas es el Se\u00f1or, y creyeres en tu coraz\u00f3n que Dios le levant\u00f3 de los muertos, ser\u00e1s salvo.\u201d Y cuando llegamos esa tarde a la iglesia comuniqu\u00e9 a los creyentes que hab\u00eda aceptado al Se\u00f1or en mi coraz\u00f3n, a la edad de 13 a\u00f1os. Mi bautismo se produjo un a\u00f1o despu\u00e9s el 24 de mayo de 1987 en la Iglesia Cristiana Evang\u00e9lica de Linares. Desde ese momento he estado sirviendo al Se\u00f1or<br \/>en diferentes ministerios de acuerdo a mi edad, alabanza, liderazgo de j\u00f3venes, predicaci\u00f3n de la Palabra, ense\u00f1anza b\u00edblica.<\/p><p>A los 18 a\u00f1os surgi\u00f3 en m\u00ed la inquietud por las motos, en la misma proporci\u00f3n que surgi\u00f3 el miedo de mi madre al montarme en ellas. Hab\u00eda aprendido algo en todos estos a\u00f1os y que le recordaba a mi madre cuando sal\u00eda en moto: \u201cMi tiempo est\u00e1 en las manos del Se\u00f1or y cuando El quiera me llevar\u00e1. Estoy en Sus manos\u201d.\u00a0<\/p><p>Actualmente sigo compaginando diferentes ministerios en la iglesia con la labor de llevar el mensaje de salvaci\u00f3n de Cristo a una parte de la sociedad tan particular como es el mundo motero. Romanos 15:20 me ha servido de gu\u00eda en el ministerio donde el ap\u00f3stol Pablo dice \u201cY de esta manera me esforc\u00e9 a predicar el evangelio, no donde Cristo ya hubiese sido nombrado, para no edificar sobre fundamento ajeno\u201d y el evangelista Lucas en el capitulo 19:10 dice \u201cPorque Jesucristo vino a buscar y a salvar lo que se hab\u00eda perdido.\u201d\u00a0<\/p><p>He encontrado en CMA el instrumento id\u00f3neo para realizar esta hermosa obra de ser luz en medio de la oscuridad. Y que como yo, otros moteros puedan darse cuenta que el \u00fanico camino a la salvaci\u00f3n es a trav\u00e9s de Cristo.\u00a0<\/p><p>A Dios sea toda la gloria.<\/p><\/div>\n        \t\t\t\t<\/div>\n\t\t\t\t<\/div>\n\t\t\t\t<section class=\"elementor-section elementor-inner-section elementor-element elementor-element-583d001 elementor-section-boxed elementor-section-height-default elementor-section-height-default\" data-id=\"583d001\" data-element_type=\"section\" data-e-type=\"section\">\n\t\t\t\t\t\t<div class=\"elementor-container elementor-column-gap-no\">\n\t\t\t\t\t<div class=\"elementor-column elementor-col-100 elementor-inner-column elementor-element elementor-element-62a608a\" data-id=\"62a608a\" data-element_type=\"column\" data-e-type=\"column\">\n\t\t\t<div class=\"elementor-widget-wrap elementor-element-populated\">\n\t\t\t\t\t\t<div class=\"elementor-element elementor-element-b533f31 elementor-view-default elementor-widget elementor-widget-icon\" data-id=\"b533f31\" data-element_type=\"widget\" data-e-type=\"widget\" data-widget_type=\"icon.default\">\n\t\t\t\t<div class=\"elementor-widget-container\">\n\t\t\t\t\t\t\t<div class=\"elementor-icon-wrapper\">\n\t\t\t<div class=\"elementor-icon\">\n\t\t\t\t\t\t\t<i class=\"opal-icon-quote-left\" aria-hidden=\"true\"><\/i>\n\t\t\t\t\t\t<\/div>\n\t\t<\/div>\n\t\t\t\t\t\t<\/div>\n\t\t\t\t<\/div>\n\t\t\t\t<div class=\"elementor-element elementor-element-c070382 elementor-widget elementor-widget-text-editor\" data-id=\"c070382\" data-element_type=\"widget\" data-e-type=\"widget\" data-widget_type=\"text-editor.default\">\n\t\t\t\t<div class=\"elementor-widget-container\">\n\t\t\t\t\t        <div class=\"elementor-text-editor elementor-clearfix\"><p>Mi tiempo est\u00e1 en las manos del Se\u00f1or y cuando El quiera me llevar\u00e1. Estoy en Sus manos<\/p><\/div>\n        \t\t\t\t<\/div>\n\t\t\t\t<\/div>\n\t\t\t\t\t<\/div>\n\t\t<\/div>\n\t\t\t\t\t<\/div>\n\t\t<\/section>\n\t\t\t\t\t<\/div>\n\t\t<\/div>\n\t\t\t\t<div class=\"elementor-column elementor-col-50 elementor-top-column elementor-element elementor-element-c73975e c-primary\" data-id=\"c73975e\" data-element_type=\"column\" data-e-type=\"column\">\n\t\t\t<div class=\"elementor-widget-wrap elementor-element-populated\">\n\t\t\t\t\t\t<div class=\"elementor-element elementor-element-4c6c491 img-animated elementor-widget elementor-widget-image\" data-id=\"4c6c491\" data-element_type=\"widget\" data-e-type=\"widget\" data-widget_type=\"image.default\">\n\t\t\t\t<div class=\"elementor-widget-container\">\n\t\t\t\t\t        <div class=\"elementor-image\">\n                                                <img loading=\"lazy\" decoding=\"async\" width=\"716\" height=\"968\" src=\"https:\/\/cmaspain.es\/wp-content\/uploads\/2025\/07\/1659435428339.jpg\" class=\"attachment-full size-full wp-image-7319\" alt=\"\" srcset=\"https:\/\/cmaspain.es\/wp-content\/uploads\/2025\/07\/1659435428339.jpg 716w, https:\/\/cmaspain.es\/wp-content\/uploads\/2025\/07\/1659435428339-222x300.jpg 222w, https:\/\/cmaspain.es\/wp-content\/uploads\/2025\/07\/1659435428339-400x541.jpg 400w, https:\/\/cmaspain.es\/wp-content\/uploads\/2025\/07\/1659435428339-600x811.jpg 600w\" sizes=\"(max-width: 716px) 100vw, 716px\" \/>                                                            <\/div>\n        \t\t\t\t<\/div>\n\t\t\t\t<\/div>\n\t\t\t\t<div class=\"elementor-element elementor-element-434620f img-animated elementor-widget elementor-widget-image\" data-id=\"434620f\" data-element_type=\"widget\" data-e-type=\"widget\" data-widget_type=\"image.default\">\n\t\t\t\t<div class=\"elementor-widget-container\">\n\t\t\t\t\t        <div class=\"elementor-image\">\n                                                <img loading=\"lazy\" decoding=\"async\" width=\"1400\" height=\"700\" src=\"https:\/\/cmaspain.es\/wp-content\/uploads\/2025\/07\/Ismael_White-1400x700.png\" class=\"attachment-lexrider-featured-image-full size-lexrider-featured-image-full wp-image-7350\" alt=\"\" \/>                                                            <\/div>\n        \t\t\t\t<\/div>\n\t\t\t\t<\/div>\n\t\t\t\t\t<\/div>\n\t\t<\/div>\n\t\t\t\t\t<\/div>\n\t\t<\/section>\n\t\t\t\t<section class=\"elementor-section elementor-top-section elementor-element elementor-element-b08bb38 elementor-section-stretched elementor-section-boxed elementor-section-height-default elementor-section-height-default\" data-id=\"b08bb38\" data-element_type=\"section\" data-e-type=\"section\" data-settings=\"{&quot;stretch_section&quot;:&quot;section-stretched&quot;,&quot;background_background&quot;:&quot;classic&quot;}\">\n\t\t\t\t\t\t\t<div class=\"elementor-background-overlay\"><\/div>\n\t\t\t\t\t\t\t<div class=\"elementor-container elementor-column-gap-no\">\n\t\t\t\t\t<div class=\"elementor-column elementor-col-100 elementor-top-column elementor-element elementor-element-c26de39\" data-id=\"c26de39\" data-element_type=\"column\" data-e-type=\"column\">\n\t\t\t<div class=\"elementor-widget-wrap elementor-element-populated\">\n\t\t\t\t\t\t<div class=\"elementor-element elementor-element-6e4b2e3 elementor-align-center animated-fast elementor-invisible elementor-widget elementor-widget-heading\" data-id=\"6e4b2e3\" data-element_type=\"widget\" data-e-type=\"widget\" data-settings=\"{&quot;_animation&quot;:&quot;opal-move-up&quot;}\" data-widget_type=\"heading.default\">\n\t\t\t\t<div class=\"elementor-widget-container\">\n\t\t\t\t\t<h2 class=\"elementor-heading-title elementor-size-default\">\u00a1Ven a rodar con nosotros!<\/h2>\t\t\t\t<\/div>\n\t\t\t\t<\/div>\n\t\t\t\t<div class=\"elementor-element elementor-element-746773b elementor-align-center animated-fast elementor-invisible elementor-widget elementor-widget-heading\" data-id=\"746773b\" data-element_type=\"widget\" data-e-type=\"widget\" data-settings=\"{&quot;_animation&quot;:&quot;opal-move-up&quot;}\" data-widget_type=\"heading.default\">\n\t\t\t\t<div class=\"elementor-widget-container\">\n\t\t\t\t\t<h2 class=\"elementor-heading-title elementor-size-default\">\u00danete a nuestra<br>\nfamilia<\/h2>\t\t\t\t<\/div>\n\t\t\t\t<\/div>\n\t\t\t\t<div class=\"elementor-element elementor-element-8537b13 elementor-align-center animated-fast elementor-button-primary elementor-invisible elementor-widget elementor-widget-button\" data-id=\"8537b13\" data-element_type=\"widget\" data-e-type=\"widget\" data-settings=\"{&quot;_animation&quot;:&quot;opal-move-up&quot;}\" data-widget_type=\"button.default\">\n\t\t\t\t<div class=\"elementor-widget-container\">\n\t\t\t\t\t        <div class=\"elementor-button-wrapper\">\n            <a href=\"https:\/\/cmaspain.es\/index.php\/contacto\/\" class=\"elementor-button-link elementor-button elementor-size-md\" target=\"_blank\" role=\"button\">\n                \t\t<span class=\"elementor-button-content-wrapper\">\n\t\t\t\t\t\t\t\t\t<span class=\"elementor-button-text\">Contacta con nosotros<\/span>\n\t\t\t\t\t<\/span>\n\t\t            <\/a>\n        <\/div>\n        \t\t\t\t<\/div>\n\t\t\t\t<\/div>\n\t\t\t\t\t<\/div>\n\t\t<\/div>\n\t\t\t\t\t<\/div>\n\t\t<\/section>\n\t\t\t\t<\/div>\n\t\t","protected":false},"excerpt":{"rendered":"<p>Nac\u00ed en una familia creyente en Dios. Decir eso en Espa\u00f1a puede parecer normal, pero nacer en 1973 en el entorno de una familia evang\u00e9lica en Espa\u00f1a no era f\u00e1cil.\u00a0&#8230;<\/p>\n","protected":false},"author":1,"featured_media":0,"parent":0,"menu_order":0,"comment_status":"closed","ping_status":"closed","template":"page-elementor.php","meta":{"footnotes":""},"class_list":["post-7299","page","type-page","status-publish","hentry"],"_links":{"self":[{"href":"https:\/\/cmaspain.es\/index.php\/wp-json\/wp\/v2\/pages\/7299","targetHints":{"allow":["GET"]}}],"collection":[{"href":"https:\/\/cmaspain.es\/index.php\/wp-json\/wp\/v2\/pages"}],"about":[{"href":"https:\/\/cmaspain.es\/index.php\/wp-json\/wp\/v2\/types\/page"}],"author":[{"embeddable":true,"href":"https:\/\/cmaspain.es\/index.php\/wp-json\/wp\/v2\/users\/1"}],"replies":[{"embeddable":true,"href":"https:\/\/cmaspain.es\/index.php\/wp-json\/wp\/v2\/comments?post=7299"}],"version-history":[{"count":10,"href":"https:\/\/cmaspain.es\/index.php\/wp-json\/wp\/v2\/pages\/7299\/revisions"}],"predecessor-version":[{"id":7353,"href":"https:\/\/cmaspain.es\/index.php\/wp-json\/wp\/v2\/pages\/7299\/revisions\/7353"}],"wp:attachment":[{"href":"https:\/\/cmaspain.es\/index.php\/wp-json\/wp\/v2\/media?parent=7299"}],"curies":[{"name":"wp","href":"https:\/\/api.w.org\/{rel}","templated":true}]}}